{"id":14,"date":"2026-02-22T10:01:41","date_gmt":"2026-02-22T10:01:41","guid":{"rendered":"https:\/\/saponia.fr\/?page_id=14"},"modified":"2026-03-07T09:34:45","modified_gmt":"2026-03-07T09:34:45","slug":"accueil","status":"publish","type":"page","link":"https:\/\/saponia.fr\/","title":{"rendered":"Accueil"},"content":{"rendered":"\n<div class=\"wp-block-cover alignfull is-light\" style=\"min-height:877px;aspect-ratio:unset;\"><img fetchpriority=\"high\" decoding=\"async\" width=\"1024\" height=\"576\" class=\"wp-block-cover__image-background wp-image-37 size-full\" alt=\"\" src=\"http:\/\/saponia.fr\/wp-content\/uploads\/2026\/02\/istockphoto-1310961723-1024x1024-1.jpg\" style=\"object-position:48% 18%\" data-object-fit=\"cover\" data-object-position=\"48% 18%\" srcset=\"https:\/\/saponia.fr\/wp-content\/uploads\/2026\/02\/istockphoto-1310961723-1024x1024-1.jpg 1024w, https:\/\/saponia.fr\/wp-content\/uploads\/2026\/02\/istockphoto-1310961723-1024x1024-1-300x169.jpg 300w, https:\/\/saponia.fr\/wp-content\/uploads\/2026\/02\/istockphoto-1310961723-1024x1024-1-768x432.jpg 768w\" sizes=\"(max-width: 1024px) 100vw, 1024px\" \/><span aria-hidden=\"true\" class=\"wp-block-cover__background has-background-dim-10 has-background-dim wp-block-cover__gradient-background has-background-gradient has-very-light-gray-to-cyan-bluish-gray-gradient-background\"><\/span><div class=\"wp-block-cover__inner-container is-layout-flow wp-block-cover-is-layout-flow\">\n<div class=\"wp-block-group is-layout-constrained wp-block-group-is-layout-constrained\">\n<div style=\"height:194px\" aria-hidden=\"true\" class=\"wp-block-spacer\"><\/div>\n\n\n\n<div class=\"wp-block-group is-content-justification-left is-layout-constrained wp-container-core-group-is-layout-12dd3699 wp-block-group-is-layout-constrained\">\n<div class=\"wp-block-group is-content-justification-left is-layout-constrained wp-container-core-group-is-layout-12dd3699 wp-block-group-is-layout-constrained\">\n<h2 class=\"wp-block-heading has-white-color has-text-color has-link-color wp-elements-2a251f235679b97ef6b5b9e901236155\">L\u2019art du m\u00e9nage, la perfection du d\u00e9tail<\/h2>\n\n\n\n<p class=\"has-white-color has-text-color has-link-color wp-elements-dda0224b3a9ba90fd89d629758b7ef83\"><strong>Nous vous proposons un service haut de gamme, local et accessible.<\/strong><\/p>\n<\/div>\n<\/div>\n\n\n\n<div class=\"wp-block-buttons is-layout-flex wp-container-core-buttons-is-layout-9bedd9bf wp-block-buttons-is-layout-flex\">\n<div class=\"wp-block-button\"><a class=\"wp-block-button__link wp-element-button\" href=\"https:\/\/saponia.fr\/index.php\/tarif\/\">Devis gratuit<\/a><\/div>\n<\/div>\n<\/div>\n<\/div><\/div>\n\n\n\n<div class=\"wp-block-group alignfull has-ast-global-color-5-background-color has-background is-layout-constrained wp-container-core-group-is-layout-9cedb757 wp-block-group-is-layout-constrained\" style=\"padding-bottom:0px\">\n<div class=\"wp-block-columns are-vertically-aligned-top is-layout-flex wp-container-core-columns-is-layout-00723822 wp-block-columns-is-layout-flex\">\n<div class=\"wp-block-column is-vertically-aligned-top is-layout-flow wp-container-core-column-is-layout-6b73ce23 wp-block-column-is-layout-flow\">\n<figure class=\"wp-block-image size-large wp-duotone-dark-grayscale\"><img decoding=\"async\" src=\"https:\/\/saponia.fr\/wp-content\/themes\/astra\/inc\/assets\/images\/starter-content\/building.svg\" alt=\"\" class=\"wp-image-134\"\/><\/figure>\n\n\n\n<h3 class=\"wp-block-heading has-text-align-left\" style=\"margin-top:16px\">Une entreprise locale<\/h3>\n\n\n\n<p class=\"has-text-align-left\">Bas\u00e9e \u00e0 Santes nous intervenons \u00e0 l&rsquo;ouest de la r\u00e9gion lilloise<\/p>\n<\/div>\n\n\n\n<div class=\"wp-block-column is-vertically-aligned-top is-layout-flow wp-container-core-column-is-layout-6b73ce23 wp-block-column-is-layout-flow\">\n<figure class=\"wp-block-image size-large wp-duotone-dark-grayscale\"><img decoding=\"async\" src=\"https:\/\/saponia.fr\/wp-content\/themes\/astra\/inc\/assets\/images\/starter-content\/shopping-bag.svg\" alt=\"\" class=\"wp-image-135\"\/><\/figure>\n\n\n\n<h3 class=\"wp-block-heading has-text-align-left\" style=\"margin-top:16px\">Souscription en ligne<\/h3>\n\n\n\n<p class=\"has-text-align-left\">Simplicit\u00e9, efficacit\u00e9, voil\u00e0 ce qui nous caract\u00e9rise !<\/p>\n<\/div>\n\n\n\n<div class=\"wp-block-column is-vertically-aligned-top is-layout-flow wp-container-core-column-is-layout-6b73ce23 wp-block-column-is-layout-flow\">\n<figure class=\"wp-block-image size-large wp-duotone-dark-grayscale\"><img decoding=\"async\" src=\"https:\/\/saponia.fr\/wp-content\/themes\/astra\/inc\/assets\/images\/starter-content\/portfolio.svg\" alt=\"\" class=\"wp-image-137\"\/><\/figure>\n\n\n\n<h3 class=\"wp-block-heading has-text-align-left\" style=\"margin-top:16px\">Qualit\u00e9<\/h3>\n\n\n\n<p class=\"has-text-align-left\">Des points de contr\u00f4les sur nos  prestations, la garantie d&rsquo;un m\u00e9nage bien fait<\/p>\n<\/div>\n\n\n\n<div class=\"wp-block-column is-vertically-aligned-top is-layout-flow wp-container-core-column-is-layout-6b73ce23 wp-block-column-is-layout-flow\">\n<figure class=\"wp-block-image size-large wp-duotone-dark-grayscale\"><img decoding=\"async\" src=\"https:\/\/saponia.fr\/wp-content\/themes\/astra\/inc\/assets\/images\/starter-content\/blog.svg\" alt=\"\" class=\"wp-image-136\"\/><\/figure>\n\n\n\n<h3 class=\"wp-block-heading has-text-align-left\" style=\"margin-top:16px\">Blog<\/h3>\n\n\n\n<p class=\"has-text-align-left\">Des astuces partag\u00e9es au service de la propret\u00e9<\/p>\n<\/div>\n<\/div>\n<\/div>\n\n\n\n<div class=\"wp-block-group alignfull is-layout-constrained wp-container-core-group-is-layout-45b0ac4f wp-block-group-is-layout-constrained\" id=\"services\" style=\"padding-top:144px;padding-bottom:0px\">\n<h2 class=\"wp-block-heading\">Nos Services<\/h2>\n\n\n\n<div class=\"wp-block-columns is-layout-flex wp-container-core-columns-is-layout-60cbf9bb wp-block-columns-is-layout-flex\" style=\"margin-top:50px\">\n<div class=\"wp-block-column is-layout-flow wp-container-core-column-is-layout-6b73ce23 wp-block-column-is-layout-flow\">\n<figure class=\"wp-block-image size-full\"><img decoding=\"async\" width=\"2048\" height=\"1365\" src=\"http:\/\/saponia.fr\/wp-content\/uploads\/2026\/02\/istockphoto-2169200951-2048x2048_haut_de_gamme.jpg\" alt=\"\" class=\"wp-image-118\" srcset=\"https:\/\/saponia.fr\/wp-content\/uploads\/2026\/02\/istockphoto-2169200951-2048x2048_haut_de_gamme.jpg 2048w, https:\/\/saponia.fr\/wp-content\/uploads\/2026\/02\/istockphoto-2169200951-2048x2048_haut_de_gamme-300x200.jpg 300w, https:\/\/saponia.fr\/wp-content\/uploads\/2026\/02\/istockphoto-2169200951-2048x2048_haut_de_gamme-1024x683.jpg 1024w, https:\/\/saponia.fr\/wp-content\/uploads\/2026\/02\/istockphoto-2169200951-2048x2048_haut_de_gamme-768x512.jpg 768w, https:\/\/saponia.fr\/wp-content\/uploads\/2026\/02\/istockphoto-2169200951-2048x2048_haut_de_gamme-1536x1024.jpg 1536w\" sizes=\"(max-width: 2048px) 100vw, 2048px\" \/><\/figure>\n\n\n\n<h3 class=\"wp-block-heading\" style=\"margin-top:16px\">Formule premium<\/h3>\n\n\n\n<p class=\"has-text-align-left\">Un service de m\u00e9nage hebdomadaire qui apporte une attention particuli\u00e8re au r\u00e9sultat. Notre objectif est de vous fournir un m\u00e9nage impeccable en ayant une conviction forte sur la fa\u00e7on de r\u00e9aliser la prestation : produits utilis\u00e9s, ordre de r\u00e9alisation de la prestation, points de contr\u00f4les : tout est pr\u00e9cis\u00e9 dans la \u00ab\u00a0m\u00e9thode\u00a0\u00bb Saponia !<\/p>\n<\/div>\n\n\n\n<div class=\"wp-block-column is-layout-flow wp-container-core-column-is-layout-6b73ce23 wp-block-column-is-layout-flow\">\n<figure class=\"wp-block-image size-full\"><img decoding=\"async\" width=\"2048\" height=\"1365\" src=\"https:\/\/saponia.fr\/wp-content\/uploads\/2026\/03\/istockphoto-2167550769-2048x2048_essentielle_4.jpg\" alt=\"\" class=\"wp-image-200\" srcset=\"https:\/\/saponia.fr\/wp-content\/uploads\/2026\/03\/istockphoto-2167550769-2048x2048_essentielle_4.jpg 2048w, https:\/\/saponia.fr\/wp-content\/uploads\/2026\/03\/istockphoto-2167550769-2048x2048_essentielle_4-300x200.jpg 300w, https:\/\/saponia.fr\/wp-content\/uploads\/2026\/03\/istockphoto-2167550769-2048x2048_essentielle_4-1024x683.jpg 1024w, https:\/\/saponia.fr\/wp-content\/uploads\/2026\/03\/istockphoto-2167550769-2048x2048_essentielle_4-768x512.jpg 768w, https:\/\/saponia.fr\/wp-content\/uploads\/2026\/03\/istockphoto-2167550769-2048x2048_essentielle_4-1536x1024.jpg 1536w\" sizes=\"(max-width: 2048px) 100vw, 2048px\" \/><\/figure>\n\n\n\n<h3 class=\"wp-block-heading\" style=\"margin-top:16px\">Formule Essentielle<\/h3>\n\n\n\n<p>Vous \u00eates contraints \u00e9conomiquement ? Pas d&rsquo;inqui\u00e9tude : Nous vous proposons une strat\u00e9gie de m\u00e9nage alliant qualit\u00e9 tout en r\u00e9duisant la fr\u00e9quence de certaines actions permettant d&rsquo;optimiser le rapport temps pass\u00e9 \/ impact propret\u00e9. En clair on ne nettoie pas tout le temps mais ce qui est fait est bien fait. <\/p>\n<\/div>\n\n\n\n<div class=\"wp-block-column is-layout-flow wp-container-core-column-is-layout-6b73ce23 wp-block-column-is-layout-flow\">\n<figure class=\"wp-block-image size-full\"><img loading=\"lazy\" decoding=\"async\" width=\"2048\" height=\"1365\" src=\"http:\/\/saponia.fr\/wp-content\/uploads\/2026\/02\/istockphoto-1311413864-2048x2048_ponctuel.jpg\" alt=\"\" class=\"wp-image-113\" srcset=\"https:\/\/saponia.fr\/wp-content\/uploads\/2026\/02\/istockphoto-1311413864-2048x2048_ponctuel.jpg 2048w, https:\/\/saponia.fr\/wp-content\/uploads\/2026\/02\/istockphoto-1311413864-2048x2048_ponctuel-300x200.jpg 300w, https:\/\/saponia.fr\/wp-content\/uploads\/2026\/02\/istockphoto-1311413864-2048x2048_ponctuel-1024x683.jpg 1024w, https:\/\/saponia.fr\/wp-content\/uploads\/2026\/02\/istockphoto-1311413864-2048x2048_ponctuel-768x512.jpg 768w, https:\/\/saponia.fr\/wp-content\/uploads\/2026\/02\/istockphoto-1311413864-2048x2048_ponctuel-1536x1024.jpg 1536w\" sizes=\"(max-width: 2048px) 100vw, 2048px\" \/><\/figure>\n\n\n\n<h3 class=\"wp-block-heading\" style=\"margin-top:16px\">Intervention ponctuelle<\/h3>\n\n\n\n<p>Besoin d&rsquo;un m\u00e9nage de printemps ? Nous pouvons intervenir \u00ab\u00a0\u00e0 la demande\u00a0\u00bb selon les disponibilit\u00e9s de nos aides m\u00e9nag\u00e8res. Vous choisissez un cr\u00e9neau, nous intervenons !<\/p>\n<\/div>\n<\/div>\n<\/div>\n\n\n\n<p><\/p>\n\n\n\n<div class=\"wp-block-group alignfull has-ast-global-color-4-background-color has-background is-layout-constrained wp-container-core-group-is-layout-94d206d0 wp-block-group-is-layout-constrained\" id=\"about\" style=\"padding-top:143px;padding-bottom:144px\">\n<div class=\"wp-block-media-text has-media-on-the-right is-stacked-on-mobile is-vertically-aligned-center\"><div class=\"wp-block-media-text__content\">\n<div class=\"inherit-container-width wp-block-group is-layout-constrained wp-container-core-group-is-layout-47ce07ec wp-block-group-is-layout-constrained\" style=\"padding-right:80px\">\n<h2 class=\"wp-block-heading\" style=\"padding-right:40px\">Etat d&rsquo;esprit  Gagnant-Gagnant<\/h2>\n\n\n\n<p>Chez Saponia on croit au management positif : nos intervenantes sont form\u00e9es, accompagn\u00e9es, manag\u00e9es et contr\u00f4l\u00e9es. Elles sont \u00e9galement objectiv\u00e9es. En contre partie elles ont de r\u00e9elles possibilit\u00e9s d&rsquo;\u00e9volutions et un package salarial au dessus de la moyenne du march\u00e9.<\/p>\n\n\n\n<p>Tous ces \u00e9l\u00e9ments contribuent \u00e0 la motivation de nos employ\u00e9s, un \u00e9tat d&rsquo;esprit d&rsquo;am\u00e9lioration continue au service d&rsquo;un r\u00e9sultat qualitatif de nos prestations : la raison d&rsquo;\u00eatre de Saponia !<\/p>\n<\/div>\n<\/div><figure class=\"wp-block-media-text__media\"><img loading=\"lazy\" decoding=\"async\" width=\"1024\" height=\"732\" src=\"https:\/\/saponia.fr\/wp-content\/uploads\/2026\/02\/istockphoto-1290929763-2048x2048_gagant-1024x732.jpg\" alt=\"\" class=\"wp-image-121 size-full\" srcset=\"https:\/\/saponia.fr\/wp-content\/uploads\/2026\/02\/istockphoto-1290929763-2048x2048_gagant-1024x732.jpg 1024w, https:\/\/saponia.fr\/wp-content\/uploads\/2026\/02\/istockphoto-1290929763-2048x2048_gagant-300x214.jpg 300w, https:\/\/saponia.fr\/wp-content\/uploads\/2026\/02\/istockphoto-1290929763-2048x2048_gagant-768x549.jpg 768w, https:\/\/saponia.fr\/wp-content\/uploads\/2026\/02\/istockphoto-1290929763-2048x2048_gagant-1536x1097.jpg 1536w, https:\/\/saponia.fr\/wp-content\/uploads\/2026\/02\/istockphoto-1290929763-2048x2048_gagant.jpg 2048w\" sizes=\"(max-width: 1024px) 100vw, 1024px\" \/><\/figure><\/div>\n<\/div>\n\n\n\n<div class=\"wp-block-group alignfull is-layout-constrained wp-container-core-group-is-layout-6a2cfb7b wp-block-group-is-layout-constrained\" id=\"reviews\">\n<figure class=\"wp-block-image aligncenter size-full\"><img decoding=\"async\" src=\"https:\/\/saponia.fr\/wp-content\/themes\/astra\/inc\/assets\/images\/starter-content\/avatar.png\" alt=\"\" class=\"wp-image-235\"\/><\/figure>\n\n\n\n<p class=\"has-text-align-center\" style=\"font-size:22px;line-height:1.6\"><em>\u00ab Un int\u00e9rieur propre est le reflet d\u2019un esprit apais\u00e9. \u00bb<\/em><\/p>\n\n\n\n<p class=\"has-text-align-center\"><strong>Proverbe japonais<\/strong><\/p>\n<\/div>\n\n\n\n<div class=\"wp-block-group alignfull has-ast-global-color-4-background-color has-background is-layout-constrained wp-container-core-group-is-layout-3fee123f wp-block-group-is-layout-constrained\" id=\"whyus\" style=\"padding-top:144px;padding-bottom:144px\">\n<h2 class=\"wp-block-heading\">Pourquoi nous choisir<\/h2>\n\n\n\n<div class=\"wp-block-columns is-layout-flex wp-container-core-columns-is-layout-29aadeec wp-block-columns-is-layout-flex\" style=\"margin-top:60px\">\n<div class=\"wp-block-column is-layout-flow wp-container-core-column-is-layout-6b73ce23 wp-block-column-is-layout-flow\">\n<figure class=\"wp-block-image size-large\"><img decoding=\"async\" src=\"https:\/\/saponia.fr\/wp-content\/themes\/astra\/inc\/assets\/images\/starter-content\/passionate.svg\" alt=\"\" class=\"wp-image-162\"\/><\/figure>\n\n\n\n<h3 class=\"wp-block-heading\" style=\"margin-top:16px\">Passionn\u00e9s<\/h3>\n\n\n\n<p>Tempor ullamcorper urna, est, lectus amet sit tempor pretium mi sed morbi cras posuere sit ultrices bibendum augue sit ornare.<\/p>\n<\/div>\n\n\n\n<div class=\"wp-block-column is-layout-flow wp-container-core-column-is-layout-6b73ce23 wp-block-column-is-layout-flow\">\n<figure class=\"wp-block-image size-large\"><img decoding=\"async\" src=\"https:\/\/saponia.fr\/wp-content\/themes\/astra\/inc\/assets\/images\/starter-content\/professional.svg\" alt=\"\" class=\"wp-image-163\"\/><\/figure>\n\n\n\n<h3 class=\"wp-block-heading\" style=\"margin-top:16px\">Professionnels<\/h3>\n\n\n\n<p>Tempor ullamcorper urna, est, lectus amet sit tempor pretium mi sed morbi cras posuere sit ultrices bibendum augue sit ornare.<\/p>\n<\/div>\n\n\n\n<div class=\"wp-block-column is-layout-flow wp-container-core-column-is-layout-6b73ce23 wp-block-column-is-layout-flow\">\n<figure class=\"wp-block-image size-large\"><img decoding=\"async\" src=\"https:\/\/saponia.fr\/wp-content\/themes\/astra\/inc\/assets\/images\/starter-content\/support.svg\" alt=\"\" class=\"wp-image-164\"\/><\/figure>\n\n\n\n<h3 class=\"wp-block-heading\" style=\"margin-top:16px\">A votre service<\/h3>\n\n\n\n<p>Tempor ullamcorper urna, est, lectus amet sit tempor pretium mi sed morbi cras posuere sit ultrices bibendum augue sit ornare.<\/p>\n<\/div>\n<\/div>\n<\/div>\n\n\n\n<div class=\"wp-block-group alignfull has-background is-layout-constrained wp-container-core-group-is-layout-cfcca693 wp-block-group-is-layout-constrained\" id=\"contact\" style=\"background:linear-gradient(35deg,rgb(6,0,151) 0%,rgb(130,4,255) 64%,rgb(193,15,255) 98%);padding-top:104px;padding-bottom:104px\">\n<h2 class=\"wp-block-heading has-text-align-center has-text-color\" style=\"color:#ffffff\"><strong>Optez pour un m\u00e9nage professionnel maintenant !<\/strong><\/h2>\n\n\n\n<div class=\"wp-block-buttons alignwide is-horizontal is-content-justification-center is-layout-flex wp-container-core-buttons-is-layout-bba8380a wp-block-buttons-is-layout-flex\" style=\"margin-top:50px\">\n<div class=\"wp-block-button\"><a class=\"wp-block-button__link wp-element-button\">Devis gratuit<\/a><\/div>\n<\/div>\n<\/div>\n\n\n\n<p><\/p>\n","protected":false},"excerpt":{"rendered":"<p>Une entreprise locale Bas\u00e9e \u00e0 Santes nous intervenons \u00e0 l&rsquo;ouest de la r\u00e9gion lilloise Souscription en ligne Simplicit\u00e9, efficacit\u00e9, voil\u00e0 [&hellip;]<\/p>\n","protected":false},"author":1,"featured_media":0,"parent":0,"menu_order":0,"comment_status":"closed","ping_status":"closed","template":"","meta":{"site-sidebar-layout":"no-sidebar","site-content-layout":"plain-container","ast-site-content-layout":"default","site-content-style":"default","site-sidebar-style":"default","ast-global-header-display":"","ast-banner-title-visibility":"","ast-main-header-display":"","ast-hfb-above-header-display":"","ast-hfb-below-header-display":"","ast-hfb-mobile-header-display":"","site-post-title":"disabled","ast-breadcrumbs-content":"","ast-featured-img":"","footer-sml-layout":"","ast-disable-related-posts":"","theme-transparent-header-meta":"enabled","adv-header-id-meta":"","stick-header-meta":"","header-above-stick-meta":"","header-main-stick-meta":"","header-below-stick-meta":"","astra-migrate-meta-layouts":"default","ast-page-background-enabled":"default","ast-page-background-meta":{"desktop":{"background-color":"var(--ast-global-color-5)","background-image":"","background-repeat":"repeat","background-position":"center center","background-size":"auto","background-attachment":"scroll","background-type":"","background-media":"","overlay-type":"","overlay-color":"","overlay-opacity":"","overlay-gradient":""},"tablet":{"background-color":"","background-image":"","background-repeat":"repeat","background-position":"center center","background-size":"auto","background-attachment":"scroll","background-type":"","background-media":"","overlay-type":"","overlay-color":"","overlay-opacity":"","overlay-gradient":""},"mobile":{"background-color":"","background-image":"","background-repeat":"repeat","background-position":"center center","background-size":"auto","background-attachment":"scroll","background-type":"","background-media":"","overlay-type":"","overlay-color":"","overlay-opacity":"","overlay-gradient":""}},"ast-content-background-meta":{"desktop":{"background-color":"var(--ast-global-color-4)","background-image":"","background-repeat":"repeat","background-position":"center center","background-size":"auto","background-attachment":"scroll","background-type":"","background-media":"","overlay-type":"","overlay-color":"","overlay-opacity":"","overlay-gradient":""},"tablet":{"background-color":"var(--ast-global-color-4)","background-image":"","background-repeat":"repeat","background-position":"center center","background-size":"auto","background-attachment":"scroll","background-type":"","background-media":"","overlay-type":"","overlay-color":"","overlay-opacity":"","overlay-gradient":""},"mobile":{"background-color":"var(--ast-global-color-4)","background-image":"","background-repeat":"repeat","background-position":"center center","background-size":"auto","background-attachment":"scroll","background-type":"","background-media":"","overlay-type":"","overlay-color":"","overlay-opacity":"","overlay-gradient":""}},"footnotes":""},"class_list":["post-14","page","type-page","status-publish","hentry"],"_links":{"self":[{"href":"https:\/\/saponia.fr\/index.php\/wp-json\/wp\/v2\/pages\/14","targetHints":{"allow":["GET"]}}],"collection":[{"href":"https:\/\/saponia.fr\/index.php\/wp-json\/wp\/v2\/pages"}],"about":[{"href":"https:\/\/saponia.fr\/index.php\/wp-json\/wp\/v2\/types\/page"}],"author":[{"embeddable":true,"href":"https:\/\/saponia.fr\/index.php\/wp-json\/wp\/v2\/users\/1"}],"replies":[{"embeddable":true,"href":"https:\/\/saponia.fr\/index.php\/wp-json\/wp\/v2\/comments?post=14"}],"version-history":[{"count":45,"href":"https:\/\/saponia.fr\/index.php\/wp-json\/wp\/v2\/pages\/14\/revisions"}],"predecessor-version":[{"id":216,"href":"https:\/\/saponia.fr\/index.php\/wp-json\/wp\/v2\/pages\/14\/revisions\/216"}],"wp:attachment":[{"href":"https:\/\/saponia.fr\/index.php\/wp-json\/wp\/v2\/media?parent=14"}],"curies":[{"name":"wp","href":"https:\/\/api.w.org\/{rel}","templated":true}]}}